{"id":21,"date":"2022-07-18T18:36:46","date_gmt":"2022-07-18T18:36:46","guid":{"rendered":"http:\/\/dminox.com.br\/?page_id=21"},"modified":"2022-07-19T17:40:17","modified_gmt":"2022-07-19T17:40:17","slug":"servicos","status":"publish","type":"page","link":"https:\/\/dminox.com.br\/?page_id=21","title":{"rendered":"Produtos"},"content":{"rendered":"\n<style type=\"text\/css\" data-created_by=\"avia_inline_auto\" id=\"style-css-av-l5sanoz1-d07a799afb338d989bfbfad84f7f4730\">\n.avia-section.av-l5sanoz1-d07a799afb338d989bfbfad84f7f4730{\nbackground-color:#152c83;\nbackground-image:unset;\n}\n<\/style>\n<div id='av_section_1'  class='avia-section av-l5sanoz1-d07a799afb338d989bfbfad84f7f4730 main_color avia-section-default avia-no-border-styling  avia-builder-el-0  el_before_av_section  avia-builder-el-first  avia-bg-style-scroll container_wrap sidebar_right'  ><div class='container av-section-cont-open' ><main  role=\"main\" itemprop=\"mainContentOfPage\"  class='template-page content  av-content-small alpha units'><div class='post-entry post-entry-type-page post-entry-21'><div class='entry-content-wrapper clearfix'>\n<div class='flex_column av-1xadt-87d38a94421416a42db7b9b21b14bc94 av_one_full  avia-builder-el-1  avia-builder-el-no-sibling  first flex_column_div '     ><style type=\"text\/css\" data-created_by=\"avia_inline_auto\" id=\"style-css-av-l5saouct-e4f7c9a98a6a64607757020547204c93\">\n#top .av-special-heading.av-l5saouct-e4f7c9a98a6a64607757020547204c93{\npadding-bottom:10px;\ncolor:#ffffff;\n}\nbody .av-special-heading.av-l5saouct-e4f7c9a98a6a64607757020547204c93 .av-special-heading-tag .heading-char{\nfont-size:25px;\n}\n.av-special-heading.av-l5saouct-e4f7c9a98a6a64607757020547204c93 .special-heading-inner-border{\nborder-color:#152c83;\n}\n.av-special-heading.av-l5saouct-e4f7c9a98a6a64607757020547204c93 .av-subheading{\nfont-size:15px;\n}\nbody .av-special-heading.av-l5saouct-e4f7c9a98a6a64607757020547204c93 .av-special-heading-tag .heading-wrap:before{\nborder-color:#152c83;\n}\nbody .av-special-heading.av-l5saouct-e4f7c9a98a6a64607757020547204c93 .av-special-heading-tag .heading-wrap:after{\nborder-color:#152c83;\n}\n<\/style>\n<div  class='av-special-heading av-l5saouct-e4f7c9a98a6a64607757020547204c93 av-special-heading-h1 custom-color-heading  avia-builder-el-2  avia-builder-el-no-sibling '><h1 class='av-special-heading-tag'  itemprop=\"headline\"  >Produtos<\/h1><div class=\"special-heading-border\"><div class=\"special-heading-inner-border\"><\/div><\/div><\/div><\/div>\n\n<\/div><\/div><\/main><!-- close content main element --><\/div><\/div><div id='av_section_2'  class='avia-section av-1b6e9-c75ed754720f78ebf71d9c1daa7396a8 main_color avia-section-default avia-no-border-styling  avia-builder-el-3  el_after_av_section  el_before_av_section  avia-bg-style-scroll container_wrap sidebar_right'  ><div class='container av-section-cont-open' ><div class='template-page content  av-content-small alpha units'><div class='post-entry post-entry-type-page post-entry-21'><div class='entry-content-wrapper clearfix'>\n<div class='flex_column av-11p9p-a589fceaf16e837c81e3a2a35d9daaa4 av_one_full  avia-builder-el-4  avia-builder-el-no-sibling  first flex_column_div '     ><style type=\"text\/css\" data-created_by=\"avia_inline_auto\" id=\"style-css-av-l5sat1j1-f68d669a15aa724328925b0d929e0ce6\">\n#top .av_textblock_section.av-l5sat1j1-f68d669a15aa724328925b0d929e0ce6 .avia_textblock{\nfont-size:25px;\ntext-align:center;\n}\n<\/style>\n<section  class='av_textblock_section av-l5sat1j1-f68d669a15aa724328925b0d929e0ce6'  itemscope=\"itemscope\" itemtype=\"https:\/\/schema.org\/CreativeWork\" ><div class='avia_textblock'  itemprop=\"text\" ><p class=\"xmsonormal\"><span style=\"font-family: 'Calibri','sans-serif'; color: black;\">Trabalhamos com vendas de a\u00e7os inoxid\u00e1veis, chapas inteiras e cortadas, tubos inteiros e cortados, tubos mec\u00e2nicos bruto e pr\u00e9 usinado, barras redondas, cantoneiras, barras chatas, conex\u00f5es. Estamos com \u00f3timos pre\u00e7os, gostaria de participar de suas cota\u00e7\u00f5es, estamos com \u00f3timos pre\u00e7os, agrade\u00e7o a aten\u00e7\u00e3o desde j\u00e1, contamos com essa parceria, obrigado. <\/span><\/p>\n<\/div><\/section><\/div><\/div><\/div><\/div><!-- close content main div --><\/div><\/div>\n<style type=\"text\/css\" data-created_by=\"avia_inline_auto\" id=\"style-css-av-5m3v5-3e6108c875e63facc8a7c4b6c56f34fc\">\n.avia-section.av-5m3v5-3e6108c875e63facc8a7c4b6c56f34fc{\nbackground-color:#ffffff;\nbackground-image:unset;\n}\n<\/style>\n<div id='av_section_3'  class='avia-section av-5m3v5-3e6108c875e63facc8a7c4b6c56f34fc main_color avia-section-default avia-no-border-styling  avia-builder-el-6  el_after_av_section  avia-builder-el-last  avia-bg-style-scroll container_wrap sidebar_right'  ><div class='container av-section-cont-open' ><div class='template-page content  av-content-small alpha units'><div class='post-entry post-entry-type-page post-entry-21'><div class='entry-content-wrapper clearfix'>\n<div class='flex_column av-4xeo1-57d577b455cb90685ca65a1bec3e945e av_one_full  avia-builder-el-7  avia-builder-el-no-sibling  first flex_column_div '     ><p>\n<style type=\"text\/css\" data-created_by=\"avia_inline_auto\" id=\"style-css-av-4f6f1-d214de0f321dd575e90d42ba132ea37d\">\n.avia-logo-element-container.av-4f6f1-d214de0f321dd575e90d42ba132ea37d .av-partner-fake-img{\nbackground-size:cover;\n}\n<\/style>\n<div  class='avia-logo-element-container av-4f6f1-d214de0f321dd575e90d42ba132ea37d avia-logo-slider avia-content-slider avia-smallarrow-slider avia-content-slider-active noHover avia-content-slider-odd  avia-builder-el-8  el_before_av_button  avia-builder-el-first  av-slideshow-ui av-control-default av-nav-arrows-visible av-nav-dots-visible av-no-slider-navigation av-slideshow-manual av-loop-once av-loop-manual-endless avia-content-slider1' data-slideshow-options=\"{&quot;animation&quot;:&quot;slide&quot;,&quot;autoplay&quot;:false,&quot;loop_autoplay&quot;:&quot;once&quot;,&quot;interval&quot;:5,&quot;loop_manual&quot;:&quot;manual-endless&quot;,&quot;autoplay_stopper&quot;:false,&quot;noNavigation&quot;:false,&quot;bg_slider&quot;:false,&quot;keep_padding&quot;:&quot;&quot;,&quot;hoverpause&quot;:false,&quot;show_slide_delay&quot;:0}\"><div class='avia-smallarrow-slider-heading  no-logo-slider-heading '><div class='new-special-heading'>&nbsp;<\/div><\/div><div class=\"avia-content-slider-inner\"><div class=\"slide-entry-wrap\"><div data-avia-tooltip=\"Chapa de A\u00e7o Inteira ou cortada\" class='slide-entry av-3n6bd-73ad4cef26ba809bf23eda755ef2e5ec flex_column no_margin av_one_fifth real-thumbnail post-entry slide-entry-overview slide-loop-1 slide-parity-odd  first'><span class='av-partner-fake-img' style='padding-bottom:100%; background-image:url(https:\/\/dminox.com.br\/wp-content\/uploads\/2022\/07\/Chapas-de-aco.png);'><\/span><\/div><div data-avia-tooltip=\"Conex\u00f5es de A\u00e7o Inox\" class='slide-entry av-3i6op-e1beddac59ef67800b049c1f242149cf flex_column no_margin av_one_fifth real-thumbnail post-entry slide-entry-overview slide-loop-2 slide-parity-even  '><span class='av-partner-fake-img' style='padding-bottom:100%; background-image:url(https:\/\/dminox.com.br\/wp-content\/uploads\/2022\/07\/Conexoes.png);'><\/span><\/div><div data-avia-tooltip=\"Tubos de A\u00e7o Inox\" class='slide-entry av-2nzc9-fdf25a3afea0a686c9b4ceb6549e3234 flex_column no_margin av_one_fifth real-thumbnail post-entry slide-entry-overview slide-loop-3 slide-parity-odd  '><span class='av-partner-fake-img' style='padding-bottom:100%; background-image:url(https:\/\/dminox.com.br\/wp-content\/uploads\/2022\/07\/Tubos-de-aco.png);'><\/span><\/div><div data-avia-tooltip=\"Barras de A\u00e7o Inox Chatas\" class='slide-entry av-2ayih-e53ca76ec47c6af72a6e8a9c4cd9ef54 flex_column no_margin av_one_fifth real-thumbnail post-entry slide-entry-overview slide-loop-4 slide-parity-even  '><span class='av-partner-fake-img' style='padding-bottom:100%; background-image:url(https:\/\/dminox.com.br\/wp-content\/uploads\/2022\/07\/Barras-Chatas.png);'><\/span><\/div><div data-avia-tooltip=\"Cantoneiras de A\u00e7o Inox\" class='slide-entry av-1ankh-7d28776782d5dc022608a5531d213657 flex_column no_margin av_one_fifth real-thumbnail post-entry slide-entry-overview slide-loop-5 slide-parity-odd post-entry-last '><span class='av-partner-fake-img' style='padding-bottom:100%; background-image:url(https:\/\/dminox.com.br\/wp-content\/uploads\/2022\/07\/Cantoneiras.png);'><\/span><\/div><\/div><\/div><\/div><br \/>\n<div  class='avia-button-wrap av-12zvh-8fefbf259ccfcf413efad4b4b111fa71-wrap avia_animated_button av-animated-when-visible-95 top-to-bottom avia-button-center  avia-builder-el-9  el_after_av_partner  avia-builder-el-last ' >\n<style type=\"text\/css\" data-created_by=\"avia_inline_auto\" id=\"style-css-av-12zvh-8fefbf259ccfcf413efad4b4b111fa71\">\n#top #wrap_all .avia-button.av-12zvh-8fefbf259ccfcf413efad4b4b111fa71{\n-webkit-border-radius:30px 30px 30px 30px;\n-moz-border-radius:30px 30px 30px 30px;\nborder-radius:30px 30px 30px 30px;\n-webkit-transition:all 0.4s ease-in-out;\n-moz-transition:all 0.4s ease-in-out;\n-ms-transition:all 0.4s ease-in-out;\n-o-transition:all 0.4s ease-in-out;\ntransition:all 0.4s ease-in-out;\n}\n#top #wrap_all.avia-button.av-12zvh-8fefbf259ccfcf413efad4b4b111fa71:hover .avia_button_background{\n-webkit-border-radius:30px 30px 30px 30px;\n-moz-border-radius:30px 30px 30px 30px;\nborder-radius:30px 30px 30px 30px;\n}\n<\/style>\n<a href='http:\/\/dminox.com.br\/contato\/'  class='avia-button av-12zvh-8fefbf259ccfcf413efad4b4b111fa71 avia-icon_select-yes-left-icon avia-size-x-large avia-position-center avia-color-theme-color' ><span class='avia_button_icon avia_button_icon_left' aria-hidden='true' data-av_icon='\ue875' data-av_iconfont='entypo-fontello'><\/span><span class='avia_iconbox_title' >Fa\u00e7a um Or\u00e7amento<\/span><\/a><\/div><\/p><\/div>\n<\/div><\/div><\/div><!-- close content main div --><\/div><\/div><div id='after_section_3'  class='main_color av_default_container_wrap container_wrap sidebar_right'  ><div class='container av-section-cont-open' ><div class='template-page content  av-content-small alpha units'><div class='post-entry post-entry-type-page post-entry-21'><div class='entry-content-wrapper clearfix'><\/p>\n","protected":false},"excerpt":{"rendered":"","protected":false},"author":1,"featured_media":0,"parent":0,"menu_order":0,"comment_status":"closed","ping_status":"closed","template":"","meta":{"footnotes":""},"class_list":["post-21","page","type-page","status-publish","hentry"],"_links":{"self":[{"href":"https:\/\/dminox.com.br\/index.php?rest_route=\/wp\/v2\/pages\/21","targetHints":{"allow":["GET"]}}],"collection":[{"href":"https:\/\/dminox.com.br\/index.php?rest_route=\/wp\/v2\/pages"}],"about":[{"href":"https:\/\/dminox.com.br\/index.php?rest_route=\/wp\/v2\/types\/page"}],"author":[{"embeddable":true,"href":"https:\/\/dminox.com.br\/index.php?rest_route=\/wp\/v2\/users\/1"}],"replies":[{"embeddable":true,"href":"https:\/\/dminox.com.br\/index.php?rest_route=%2Fwp%2Fv2%2Fcomments&post=21"}],"version-history":[{"count":7,"href":"https:\/\/dminox.com.br\/index.php?rest_route=\/wp\/v2\/pages\/21\/revisions"}],"predecessor-version":[{"id":176,"href":"https:\/\/dminox.com.br\/index.php?rest_route=\/wp\/v2\/pages\/21\/revisions\/176"}],"wp:attachment":[{"href":"https:\/\/dminox.com.br\/index.php?rest_route=%2Fwp%2Fv2%2Fmedia&parent=21"}],"curies":[{"name":"wp","href":"https:\/\/api.w.org\/{rel}","templated":true}]}}