{"id":14,"date":"2022-07-18T18:35:21","date_gmt":"2022-07-18T18:35:21","guid":{"rendered":"http:\/\/dminox.com.br\/?page_id=14"},"modified":"2022-07-20T12:27:52","modified_gmt":"2022-07-20T12:27:52","slug":"home","status":"publish","type":"page","link":"https:\/\/dminox.com.br\/","title":{"rendered":"Home"},"content":{"rendered":"<div id='full_slider_1'  class='avia-fullwidth-slider main_color avia-shadow   avia-builder-el-0  el_before_av_section  avia-builder-el-first   container_wrap sidebar_right'  >\n<style type=\"text\/css\" data-created_by=\"avia_inline_auto\" id=\"style-css-av-l5r43wom-068050ea1ae9dc8bbf226e50945462a7\">\n#top #wrap_all .avia-slideshow .av-slideshow-caption.av-l5r43wom-068050ea1ae9dc8bbf226e50945462a7__0 .avia-caption-title{\nfont-size:40px;\ncolor:#ffffff;\n}\n#top .avia-slideshow .av-slideshow-caption.av-l5r43wom-068050ea1ae9dc8bbf226e50945462a7__0 .avia-caption-content{\nfont-size:30px;\ncolor:#ffffff;\n}\n#top .avia-slideshow .av-slideshow-caption.av-l5r43wom-068050ea1ae9dc8bbf226e50945462a7__0 .avia-caption-content p{\nfont-size:30px;\n}\n<\/style>\n<div  class='avia-slideshow av-l5r43wom-068050ea1ae9dc8bbf226e50945462a7 avia-slideshow-no scaling av_slideshow_full avia-slide-slider av-slideshow-ui av-control-default av-slideshow-manual av-loop-once av-loop-manual-endless av-default-height-applied   avia-slideshow-1' data-slideshow-options=\"{&quot;animation&quot;:&quot;slide&quot;,&quot;autoplay&quot;:false,&quot;loop_autoplay&quot;:&quot;once&quot;,&quot;interval&quot;:5,&quot;loop_manual&quot;:&quot;manual-endless&quot;,&quot;autoplay_stopper&quot;:false,&quot;noNavigation&quot;:false,&quot;bg_slider&quot;:false,&quot;keep_padding&quot;:false,&quot;hoverpause&quot;:false,&quot;show_slide_delay&quot;:0}\"  itemprop=\"image\" itemscope=\"itemscope\" itemtype=\"https:\/\/schema.org\/ImageObject\" ><ul class='avia-slideshow-inner ' style='padding-bottom: 31.25%;'><li  class='avia-slideshow-slide av-l5r43wom-068050ea1ae9dc8bbf226e50945462a7__0  av-single-slide slide-1 slide-odd'><div data-rel='slideshow-1' class='avia-slide-wrap '   ><div class='av-slideshow-caption av-l5r43wom-068050ea1ae9dc8bbf226e50945462a7__0 caption_fullwidth caption_center caption_center_framed caption_framed'><div class=\"container caption_container\"><div class=\"slideshow_caption\"><div class=\"slideshow_inner_caption\"><div class=\"slideshow_align_caption\"><h2 class='avia-caption-title '  itemprop=\"name\" >Possu\u00edmos os melhores materiais de A\u00e7o Inoxid\u00e1vel<\/h2><div class='avia-caption-content av_inherit_color'  itemprop=\"description\" ><p>Entre em contato conosco e fa\u00e7a um Or\u00e7amento<\/p>\n<\/div><a href='http:\/\/dminox.com.br\/servicos\/'  class='avia-slideshow-button avia-button avia-color-light ' data-duration='800' data-easing='easeInOutQuad'>Produtos<\/a><\/div><\/div><\/div><\/div><\/div><img decoding=\"async\" class=\"wp-image-31 avia-img-lazy-loading-not-31\"  src=\"https:\/\/dminox.com.br\/wp-content\/uploads\/2022\/07\/Banner.png\" width=\"1920\" height=\"600\" title='Banner' alt=''  itemprop=\"thumbnailUrl\" srcset=\"https:\/\/dminox.com.br\/wp-content\/uploads\/2022\/07\/Banner.png 1920w, https:\/\/dminox.com.br\/wp-content\/uploads\/2022\/07\/Banner-300x94.png 300w, https:\/\/dminox.com.br\/wp-content\/uploads\/2022\/07\/Banner-1030x322.png 1030w, https:\/\/dminox.com.br\/wp-content\/uploads\/2022\/07\/Banner-768x240.png 768w, https:\/\/dminox.com.br\/wp-content\/uploads\/2022\/07\/Banner-1536x480.png 1536w, https:\/\/dminox.com.br\/wp-content\/uploads\/2022\/07\/Banner-1500x469.png 1500w, https:\/\/dminox.com.br\/wp-content\/uploads\/2022\/07\/Banner-705x220.png 705w\" sizes=\"(max-width: 1920px) 100vw, 1920px\" \/><\/div><\/li><\/ul><\/div><\/div>\n\n<style type=\"text\/css\" data-created_by=\"avia_inline_auto\" id=\"style-css-av-l5r73flq-9be4788477f0f283cfe2e2d111e05fb9\">\n.avia-section.av-l5r73flq-9be4788477f0f283cfe2e2d111e05fb9{\nbackground-color:#152c83;\nbackground-image:unset;\n}\n<\/style>\n<div id='av_section_1'  class='avia-section av-l5r73flq-9be4788477f0f283cfe2e2d111e05fb9 main_color avia-section-default avia-no-border-styling  avia-builder-el-1  el_after_av_slideshow_full  el_before_av_section  avia-bg-style-scroll container_wrap sidebar_right'  ><div class='container av-section-cont-open' ><div class='template-page content  av-content-small alpha units'><div class='post-entry post-entry-type-page post-entry-14'><div class='entry-content-wrapper clearfix'>\n<div class='flex_column av-l5r7yjdj-c6b767861088d7012bd8464bf7e5f4f5 av_one_third  avia-builder-el-2  el_before_av_one_third  avia-builder-el-first  first flex_column_div av-animated-generic top-to-bottom '     ><style type=\"text\/css\" data-created_by=\"avia_inline_auto\" id=\"style-css-av-l5s33w5m-e87741e28af5213a9fb3d75e14085cea\">\n.iconbox.av-l5s33w5m-e87741e28af5213a9fb3d75e14085cea .iconbox_icon{\nbackground-color:#152c83;\nborder:1px solid #ffffff;\ncolor:#ffffff;\n}\n#top #wrap_all .iconbox.av-l5s33w5m-e87741e28af5213a9fb3d75e14085cea .iconbox_content_title{\nfont-size:30px;\ncolor:#ffffff;\n}\n.iconbox.av-l5s33w5m-e87741e28af5213a9fb3d75e14085cea .iconbox_content_container{\nfont-size:20px;\ncolor:#ffffff;\n}\n<\/style>\n<article  class='iconbox iconbox_top av-l5s33w5m-e87741e28af5213a9fb3d75e14085cea av-no-box  avia-builder-el-3  avia-builder-el-no-sibling '  itemscope=\"itemscope\" itemtype=\"https:\/\/schema.org\/CreativeWork\" ><div class=\"iconbox_content\"><header class=\"entry-content-header\"><div class=\"iconbox_icon heading-color\" aria-hidden='true' data-av_icon='\ue82b' data-av_iconfont='entypo-fontello'><\/div><h2 class='iconbox_content_title '  itemprop=\"headline\" >Qualidade<\/h2><\/header><div class='iconbox_content_container av_inherit_color'  itemprop=\"text\" ><p>Investimos em maquin\u00e1rios, pessoas que se dedicam \u00e0 necessidade do cliente, assim mantemos um padr\u00e3o elevado de qualidade.<\/p>\n<\/div><\/div><footer class=\"entry-footer\"><\/footer><\/article><\/div><div class='flex_column av-l5r7ypdu-593ab555bb08f75ffc1bfbefdd22f115 av_one_third  avia-builder-el-4  el_after_av_one_third  el_before_av_one_third  flex_column_div av-animated-generic top-to-bottom '     ><style type=\"text\/css\" data-created_by=\"avia_inline_auto\" id=\"style-css-av-l5s3da63-818fd8bd6937018e46001a855112ea28\">\n.iconbox.av-l5s3da63-818fd8bd6937018e46001a855112ea28 .iconbox_icon{\nbackground-color:#152c83;\nborder:1px solid #ffffff;\ncolor:#ffffff;\n}\n#top #wrap_all .iconbox.av-l5s3da63-818fd8bd6937018e46001a855112ea28 .iconbox_content_title{\nfont-size:30px;\ncolor:#ffffff;\n}\n.iconbox.av-l5s3da63-818fd8bd6937018e46001a855112ea28 .iconbox_content_container{\nfont-size:20px;\ncolor:#ffffff;\n}\n<\/style>\n<article  class='iconbox iconbox_top av-l5s3da63-818fd8bd6937018e46001a855112ea28 av-no-box  avia-builder-el-5  avia-builder-el-no-sibling '  itemscope=\"itemscope\" itemtype=\"https:\/\/schema.org\/CreativeWork\" ><div class=\"iconbox_content\"><header class=\"entry-content-header\"><div class=\"iconbox_icon heading-color\" aria-hidden='true' data-av_icon='\ue80a' data-av_iconfont='entypo-fontello'><\/div><h2 class='iconbox_content_title '  itemprop=\"headline\" >Clientes<\/h2><\/header><div class='iconbox_content_container av_inherit_color'  itemprop=\"text\" ><p>A Dm Inox possui uma carteira de clientes dos mais variados ramos, o que a torna apta a atender a necessidade de qualquer empresa!<\/p>\n<\/div><\/div><footer class=\"entry-footer\"><\/footer><\/article><\/div><div class='flex_column av-l5r7yzrg-cf75ece8736f8513e6a32ee820d52e6e av_one_third  avia-builder-el-6  el_after_av_one_third  avia-builder-el-last  flex_column_div av-animated-generic top-to-bottom '     ><style type=\"text\/css\" data-created_by=\"avia_inline_auto\" id=\"style-css-av-l5s3ew8q-17d46f608f90c9e96a3385ba1274729f\">\n.iconbox.av-l5s3ew8q-17d46f608f90c9e96a3385ba1274729f .iconbox_icon{\nbackground-color:#152c83;\nborder:1px solid #ffffff;\ncolor:#ffffff;\n}\n#top #wrap_all .iconbox.av-l5s3ew8q-17d46f608f90c9e96a3385ba1274729f .iconbox_content_title{\nfont-size:30px;\ncolor:#ffffff;\n}\n.iconbox.av-l5s3ew8q-17d46f608f90c9e96a3385ba1274729f .iconbox_content_container{\nfont-size:20px;\ncolor:#ffffff;\n}\n<\/style>\n<article  class='iconbox iconbox_top av-l5s3ew8q-17d46f608f90c9e96a3385ba1274729f av-no-box  avia-builder-el-7  avia-builder-el-no-sibling '  itemscope=\"itemscope\" itemtype=\"https:\/\/schema.org\/CreativeWork\" ><div class=\"iconbox_content\"><header class=\"entry-content-header\"><div class=\"iconbox_icon heading-color\" aria-hidden='true' data-av_icon='\ue8d2' data-av_iconfont='entypo-fontello'><\/div><h2 class='iconbox_content_title '  itemprop=\"headline\" >Cobertura<\/h2><\/header><div class='iconbox_content_container av_inherit_color'  itemprop=\"text\" ><p>Atendemos todo territ\u00f3rio nacional. Estamos localizados no Estado de S\u00e3o Paulo, facilitando o frete para todo o Pa\u00eds.<\/p>\n<\/div><\/div><footer class=\"entry-footer\"><\/footer><\/article><\/div><\/div><\/div><\/div><!-- close content main div --><\/div><\/div><div id='av_section_2'  class='avia-section av-ata-b35a6b6e705662e5f8bb170dab143e17 main_color avia-section-default avia-no-border-styling  avia-builder-el-8  el_after_av_section  avia-builder-el-last  avia-bg-style-scroll container_wrap sidebar_right'  ><div class='container av-section-cont-open' ><div class='template-page content  av-content-small alpha units'><div class='post-entry post-entry-type-page post-entry-14'><div class='entry-content-wrapper clearfix'>\n<div class='flex_column av-l5r59p8v-e578dd518b8dc1be2be825ed82d91300 av_one_half  avia-builder-el-9  el_before_av_one_half  avia-builder-el-first  first flex_column_div av-animated-generic top-to-bottom '     ><p>\n<style type=\"text\/css\" data-created_by=\"avia_inline_auto\" id=\"style-css-av-l5r5blnd-53098d9eb8f97cc4478e9c47a088729d\">\n#top .hr.hr-invisible.av-l5r5blnd-53098d9eb8f97cc4478e9c47a088729d{\nheight:50px;\n}\n<\/style>\n<div  class='hr av-l5r5blnd-53098d9eb8f97cc4478e9c47a088729d hr-invisible  avia-builder-el-10  el_before_av_heading  avia-builder-el-first '><span class='hr-inner '><span class=\"hr-inner-style\"><\/span><\/span><\/div><br \/>\n\n<style type=\"text\/css\" data-created_by=\"avia_inline_auto\" id=\"style-css-av-l5r4nlom-11e106970dd2f570bb92b9950fcfb7df\">\n#top .av-special-heading.av-l5r4nlom-11e106970dd2f570bb92b9950fcfb7df{\npadding-bottom:10px;\ncolor:#152c83;\n}\nbody .av-special-heading.av-l5r4nlom-11e106970dd2f570bb92b9950fcfb7df .av-special-heading-tag .heading-char{\nfont-size:25px;\n}\n.av-special-heading.av-l5r4nlom-11e106970dd2f570bb92b9950fcfb7df .special-heading-inner-border{\nborder-color:#ffffff;\n}\n.av-special-heading.av-l5r4nlom-11e106970dd2f570bb92b9950fcfb7df .av-subheading{\nfont-size:15px;\n}\nbody .av-special-heading.av-l5r4nlom-11e106970dd2f570bb92b9950fcfb7df .av-special-heading-tag .heading-wrap:before{\nborder-color:#ffffff;\n}\nbody .av-special-heading.av-l5r4nlom-11e106970dd2f570bb92b9950fcfb7df .av-special-heading-tag .heading-wrap:after{\nborder-color:#ffffff;\n}\n<\/style>\n<div  class='av-special-heading av-l5r4nlom-11e106970dd2f570bb92b9950fcfb7df av-special-heading-h2 custom-color-heading  avia-builder-el-11  el_after_av_hr  el_before_av_textblock '><h2 class='av-special-heading-tag'  itemprop=\"headline\"  >Conhe\u00e7a um pouco sobre n\u00f3s<\/h2><div class=\"special-heading-border\"><div class=\"special-heading-inner-border\"><\/div><\/div><\/div><br \/>\n\n<style type=\"text\/css\" data-created_by=\"avia_inline_auto\" id=\"style-css-av-l5r4y9pd-9dc958dc9137f9aa6de8393ce49320e7\">\n#top .av_textblock_section.av-l5r4y9pd-9dc958dc9137f9aa6de8393ce49320e7 .avia_textblock{\nfont-size:20px;\ncolor:#141414;\n}\n<\/style>\n<section  class='av_textblock_section av-l5r4y9pd-9dc958dc9137f9aa6de8393ce49320e7'  itemscope=\"itemscope\" itemtype=\"https:\/\/schema.org\/CreativeWork\" ><div class='avia_textblock av_inherit_color'  itemprop=\"text\" ><p><strong><span style=\"vertical-align: inherit;\"><span style=\"vertical-align: inherit;\"><span style=\"vertical-align: inherit;\"><span style=\"vertical-align: inherit;\">Somos Representantes de vendas de a\u00e7os inoxid\u00e1veis.<\/span><\/span><\/span><\/span><\/strong><\/p>\n<p><strong><span style=\"vertical-align: inherit;\"><span style=\"vertical-align: inherit;\"><span style=\"vertical-align: inherit;\"><span style=\"vertical-align: inherit;\">Trabalhamos com vendas de chapas, tubos, barras, conex\u00f5es, com a melhor qualidade do mercado e os melhores pre\u00e7os.<\/span><\/span><\/span><\/span><\/strong><\/p>\n<p><strong><span style=\"vertical-align: inherit;\"><span style=\"vertical-align: inherit;\"><span style=\"vertical-align: inherit;\"><span style=\"vertical-align: inherit;\">Buscando parcerias com fornecedores e clientes, todo material vai com certificado de qualidade.<\/span><\/span><\/span><\/span><\/strong><\/p>\n<\/div><\/section><br \/>\n<div  class='avia-button-wrap av-l5r53wsr-73fd929cba4b07df716d8023fa7a41e8-wrap avia-button-left  avia-builder-el-13  el_after_av_textblock  avia-builder-el-last ' >\n<style type=\"text\/css\" data-created_by=\"avia_inline_auto\" id=\"style-css-av-l5r53wsr-73fd929cba4b07df716d8023fa7a41e8\">\n#top #wrap_all .avia-button.av-l5r53wsr-73fd929cba4b07df716d8023fa7a41e8{\n-webkit-border-radius:30px 30px 30px 30px;\n-moz-border-radius:30px 30px 30px 30px;\nborder-radius:30px 30px 30px 30px;\n-webkit-transition:all 0.4s ease-in-out;\n-moz-transition:all 0.4s ease-in-out;\n-ms-transition:all 0.4s ease-in-out;\n-o-transition:all 0.4s ease-in-out;\ntransition:all 0.4s ease-in-out;\n}\n#top #wrap_all.avia-button.av-l5r53wsr-73fd929cba4b07df716d8023fa7a41e8:hover .avia_button_background{\n-webkit-border-radius:30px 30px 30px 30px;\n-moz-border-radius:30px 30px 30px 30px;\nborder-radius:30px 30px 30px 30px;\n}\n<\/style>\n<a href=''  class='avia-button av-l5r53wsr-73fd929cba4b07df716d8023fa7a41e8 avia-icon_select-yes-left-icon avia-size-medium avia-position-left avia-color-theme-color' ><span class='avia_button_icon avia_button_icon_left' aria-hidden='true' data-av_icon='\ue875' data-av_iconfont='entypo-fontello'><\/span><span class='avia_iconbox_title' >Saiba Mais<\/span><\/a><\/div><\/p><\/div><div class='flex_column av-l5r70kbg-c9edf72aa2869eeb8c720ba3874ac255 av_one_half  avia-builder-el-14  el_after_av_one_half  avia-builder-el-last  flex_column_div av-animated-generic top-to-bottom '     ><style type=\"text\/css\" data-created_by=\"avia_inline_auto\" id=\"style-css-av-l5r6xqw5-67870f36ec0f36fe3c137a4da958fd11\">\n.avia-image-container.av-l5r6xqw5-67870f36ec0f36fe3c137a4da958fd11 img.avia_image{\nbox-shadow:none;\n}\n.avia-image-container.av-l5r6xqw5-67870f36ec0f36fe3c137a4da958fd11 .av-image-caption-overlay-center{\ncolor:#ffffff;\n}\n<\/style>\n<div  class='avia-image-container av-l5r6xqw5-67870f36ec0f36fe3c137a4da958fd11 av-styling- avia-align-  avia-builder-el-15  avia-builder-el-no-sibling '   itemprop=\"image\" itemscope=\"itemscope\" itemtype=\"https:\/\/schema.org\/ImageObject\" ><div class=\"avia-image-container-inner\"><div class=\"avia-image-overlay-wrap\"><img decoding=\"async\" class='wp-image-76 avia-img-lazy-loading-not-76 avia_image ' src=\"https:\/\/dminox.com.br\/wp-content\/uploads\/2022\/07\/IMG-sobre-Nos.png\" alt='' title=''  height=\"517\" width=\"400\"  itemprop=\"thumbnailUrl\" srcset=\"https:\/\/dminox.com.br\/wp-content\/uploads\/2022\/07\/IMG-sobre-Nos.png 400w, https:\/\/dminox.com.br\/wp-content\/uploads\/2022\/07\/IMG-sobre-Nos-232x300.png 232w\" sizes=\"(max-width: 400px) 100vw, 400px\" \/><\/div><\/div><\/div><\/div>\n<\/div><\/div><\/div><!-- close content main div --><\/div><\/div><div id='after_section_2'  class='main_color av_default_container_wrap container_wrap sidebar_right'  ><div class='container av-section-cont-open' ><div class='template-page content  av-content-small alpha units'><div class='post-entry post-entry-type-page post-entry-14'><div class='entry-content-wrapper clearfix'><\/p>\n","protected":false},"excerpt":{"rendered":"","protected":false},"author":1,"featured_media":0,"parent":0,"menu_order":0,"comment_status":"closed","ping_status":"closed","template":"","meta":{"footnotes":""},"class_list":["post-14","page","type-page","status-publish","hentry"],"_links":{"self":[{"href":"https:\/\/dminox.com.br\/index.php?rest_route=\/wp\/v2\/pages\/14","targetHints":{"allow":["GET"]}}],"collection":[{"href":"https:\/\/dminox.com.br\/index.php?rest_route=\/wp\/v2\/pages"}],"about":[{"href":"https:\/\/dminox.com.br\/index.php?rest_route=\/wp\/v2\/types\/page"}],"author":[{"embeddable":true,"href":"https:\/\/dminox.com.br\/index.php?rest_route=\/wp\/v2\/users\/1"}],"replies":[{"embeddable":true,"href":"https:\/\/dminox.com.br\/index.php?rest_route=%2Fwp%2Fv2%2Fcomments&post=14"}],"version-history":[{"count":61,"href":"https:\/\/dminox.com.br\/index.php?rest_route=\/wp\/v2\/pages\/14\/revisions"}],"predecessor-version":[{"id":197,"href":"https:\/\/dminox.com.br\/index.php?rest_route=\/wp\/v2\/pages\/14\/revisions\/197"}],"wp:attachment":[{"href":"https:\/\/dminox.com.br\/index.php?rest_route=%2Fwp%2Fv2%2Fmedia&parent=14"}],"curies":[{"name":"wp","href":"https:\/\/api.w.org\/{rel}","templated":true}]}}